{"id":2721,"date":"2025-12-01T09:53:06","date_gmt":"2025-12-01T08:53:06","guid":{"rendered":"https:\/\/www.os-vransko.si\/vrtec-tabor\/?page_id=2721"},"modified":"2025-12-01T10:31:47","modified_gmt":"2025-12-01T09:31:47","slug":"api-vrtec","status":"publish","type":"page","link":"https:\/\/www.os-vransko.si\/vrtec-tabor\/api-vrtec\/","title":{"rendered":"API vrtec"},"content":{"rendered":"<p>[vc_row][vc_column][vc_column_text]V na\u0161em vrtcu razvijamo pristop, ki otrokom omogo\u010da zdrav, ustvarjalen in naraven na\u010din u\u010denja. Eden tak\u0161nih pristopov je <strong>program API vrtec<\/strong>, zasnovan na pedago\u0161ko-apiterapevtskem konceptu <strong>Apipedagogike\u00ae<\/strong>, v katerem \u010debelji pridelki, panjsko okolje in elementi apiterapije postanejo del vzgojno-izobra\u017eevalnega procesa. Utemeljiteljica Apipedagogike\u00ae in strokovna podpora na\u0161emu vrtcu je <strong>Nina Ili\u010d<\/strong> (Zavod za razvoj empatije in ustvarjalnosti Eneja).[\/vc_column_text][\/vc_column][\/vc_row][vc_row][vc_column width=&#8221;1\/2&#8243;][vc_column_text]Program spodbuja celostni razvoj otrok \u2013 motorike, govora, socialnih in \u010dustvenih ve\u0161\u010din \u2013 ter ugodno vpliva na odpornost in splo\u0161no zdravje. Otroci ob tem pridobivajo dragoceno izku\u0161njo trajnostnega sobivanja z naravo, ki jo \u010dez leto nadgrajujemo z najrazli\u010dnej\u0161imi do\u017eivljajskimi dejavnostmi. API vrtec je hkrati izraz na\u0161e zavezanosti k ustvarjalnemu, empati\u010dnemu in otroku prijaznemu u\u010denju. Program podpira <strong>Ministrstvo za vzgojo in izobra\u017eevanje<\/strong>, izvajamo pa ga v okviru <strong>Mre\u017ee API vrtcev in \u0161ol APIS RETIS<\/strong>. Koordinatorka programa v na\u0161em vrtcu je <strong>Mateja Jezernik<\/strong>, \u010dlanica Razvojne skupine za Apipedagogiko.[\/vc_column_text][vc_column_text]Program API vrtec nas skozi leto vodi v bogat svet \u010debel, narave in skrbno izbranih do\u017eivljajskih dejavnosti, ki otrokom omogo\u010dajo, da rast, \u010dutenje in u\u010denje prepletajo na povsem poseben na\u010din. Da lahko tak\u0161ne dejavnosti potekajo varno, premi\u0161ljeno in v dobro otrok, smo pripravili <strong>Kodeks in protokol \u2013 izvle\u010dek za star\u0161e<\/strong>, kjer so strnjeno predstavljeni najpomembnej\u0161i varnostni postopki, higienska priporo\u010dila ter protokoli ravnanja ob piku ali alergijski reakciji. Dokument je v pomo\u010d star\u0161em in strokovnim delavcem pri razumevanju skupnih odgovornosti in jasnih smernic, ki zagotavljajo varno izvajanje programa.<br \/>\n\u27a1\ufe0f <a href=\"http:\/\/www.os-vransko.si\/vrtec-tabor\/wp-content\/uploads\/sites\/4\/2025\/12\/Kodex-in-protokol_izvlecek-za-starse.pdf\">Kodeks in protokol \u2013 izvle\u010dek za star\u0161e<\/a>[\/vc_column_text][\/vc_column][vc_column width=&#8221;1\/2&#8243;][vc_separator color=&#8221;white&#8221;][vc_single_image image=&#8221;2725&#8243; img_size=&#8221;full&#8221; alignment=&#8221;center&#8221;][vc_column_text]Kot del izkustvenih dejavnosti programa vklju\u010dujemo tudi <strong>medeno masa\u017eo<\/strong>, ne\u017eno in spro\u0161\u010dujo\u010do tehniko, prilagojeno pred\u0161olskim otrokom. Otroci jo radi sprejmejo, saj jim pomaga pri sprostitvi, izbolj\u0161uje po\u010dutje, krepi imunski sistem, podpira prebavo in prispeva k \u010dustvenemu ravnovesju.<br \/>\n\u27a1\ufe0f<a href=\"http:\/\/www.os-vransko.si\/vrtec-tabor\/wp-content\/uploads\/sites\/4\/2025\/12\/Medena-masaza-predstavitev.pdf\">Medena masa\u017ea &#8211; predstavitev<\/a>[\/vc_column_text][\/vc_column][\/vc_row]<\/p>\n","protected":false},"excerpt":{"rendered":"<p>[vc_row][vc_column][vc_column_text]V na\u0161em vrtcu razvijamo pristop, ki otrokom omogo\u010da zdrav, ustvarjalen in naraven na\u010din u\u010denja. Eden tak\u0161nih pristopov je program API vrtec, zasnovan na pedago\u0161ko-apiterapevtskem konceptu Apipedagogike\u00ae, v katerem \u010debelji pridelki, panjsko okolje in elementi apiterapije postanejo del vzgojno-izobra\u017eevalnega procesa. Utemeljiteljica Apipedagogike\u00ae in strokovna podpora na\u0161emu vrtcu je Nina Ili\u010d (Zavod za razvoj empatije in ustvarjalnosti Eneja).[\/vc_column_text][\/vc_column][\/vc_row][vc_row][vc_column width=&#8221;1\/2&#8243;][vc_column_text]Program spodbuja celostni razvoj&nbsp;<a href=\"https:\/\/www.os-vransko.si\/vrtec-tabor\/api-vrtec\/\">&hellip;<\/a><\/p>\n","protected":false},"author":1,"featured_media":0,"parent":0,"menu_order":0,"comment_status":"closed","ping_status":"closed","template":"","meta":{"_mc_calendar":[],"footnotes":""},"class_list":["post-2721","page","type-page","status-publish","hentry","odd"],"_links":{"self":[{"href":"https:\/\/www.os-vransko.si\/vrtec-tabor\/wp-json\/wp\/v2\/pages\/2721","targetHints":{"allow":["GET"]}}],"collection":[{"href":"https:\/\/www.os-vransko.si\/vrtec-tabor\/wp-json\/wp\/v2\/pages"}],"about":[{"href":"https:\/\/www.os-vransko.si\/vrtec-tabor\/wp-json\/wp\/v2\/types\/page"}],"author":[{"embeddable":true,"href":"https:\/\/www.os-vransko.si\/vrtec-tabor\/wp-json\/wp\/v2\/users\/1"}],"replies":[{"embeddable":true,"href":"https:\/\/www.os-vransko.si\/vrtec-tabor\/wp-json\/wp\/v2\/comments?post=2721"}],"version-history":[{"count":5,"href":"https:\/\/www.os-vransko.si\/vrtec-tabor\/wp-json\/wp\/v2\/pages\/2721\/revisions"}],"predecessor-version":[{"id":2737,"href":"https:\/\/www.os-vransko.si\/vrtec-tabor\/wp-json\/wp\/v2\/pages\/2721\/revisions\/2737"}],"wp:attachment":[{"href":"https:\/\/www.os-vransko.si\/vrtec-tabor\/wp-json\/wp\/v2\/media?parent=2721"}],"curies":[{"name":"wp","href":"https:\/\/api.w.org\/{rel}","templated":true}]}}