{"id":76,"date":"2025-09-01T10:49:43","date_gmt":"2025-09-01T09:49:43","guid":{"rendered":"http:\/\/local.school-time\/?page_id=5"},"modified":"2026-02-18T08:28:28","modified_gmt":"2026-02-18T07:28:28","slug":"home-default","status":"publish","type":"page","link":"https:\/\/www.os-vransko.si\/vrtec-vransko\/","title":{"rendered":"O vrtcu"},"content":{"rendered":"<p>[vc_row][vc_column][vc_separator el_width=&#8221;10&#8243; css=&#8221;.vc_custom_1612736390424{margin-top: 31px !important;}&#8221;][\/vc_column][\/vc_row][vc_row css=&#8221;.vc_custom_1456483761984{margin-bottom: 40px !important;}&#8221;][vc_column width=&#8221;1\/4&#8243; css=&#8221;.vc_custom_1459175242035{border-top-width: 1px !important;border-right-width: 1px !important;border-bottom-width: 1px !important;border-left-width: 1px !important;padding-top: 30px !important;padding-right: 33px !important;padding-bottom: 19px !important;padding-left: 33px !important;border-left-color: #cccccc !important;border-left-style: solid !important;border-right-color: #cccccc !important;border-right-style: solid !important;border-top-color: #cccccc !important;border-top-style: solid !important;border-bottom-color: #cccccc !important;border-bottom-style: solid !important;}&#8221; el_class=&#8221;wh-box-big wh-box-shadow&#8221; offset=&#8221;vc_col-lg-3&#8243;][vc_custom_heading text=&#8221;VSAK DAN STREMIMO K SPO\u0160TLJIVIM ODNOSOM TER SPODBUJAMO VEDO\u017dELJNOST OTROK.&#8221; font_container=&#8221;tag:h4|text_align:center&#8221; use_theme_fonts=&#8221;yes&#8221;][\/vc_column][vc_column width=&#8221;1\/4&#8243; offset=&#8221;vc_col-lg-3&#8243;][vc_single_image image=&#8221;197&#8243; img_size=&#8221;full&#8221;][vc_custom_heading text=&#8221;Osnovna \u0161ola Vransko-Tabor&#8221; font_container=&#8221;tag:h5|text_align:left&#8221; use_theme_fonts=&#8221;yes&#8221; link=&#8221;url:http%3A%2F%2Fschooltime.aislinthemes.com%2Fschool-info%2Fadmissions%2F||&#8221;][vc_custom_heading text=&#8221;Vransko 23, 3305 Vransko&#8221; font_container=&#8221;tag:h5|text_align:left&#8221; use_theme_fonts=&#8221;yes&#8221;][vc_column_text]<strong><em>Ravnateljica:&nbsp;<br \/>\n<\/em><\/strong><i>Polonca <strong>VODI\u010cAR<\/strong>, prof. raz. pouka<\/i>[\/vc_column_text]\n\t\t\t\t\t<div class=\"wh-theme-icon  scp_theme_icon-ccd1ec737b0c255b5b7c70ff0c7cc2a6\">\n\t\t\t\t<i class=\"icon-phone-call\"><\/i>\n\t\t\t<\/div>\n\t\t\t\t[vc_custom_heading text=&#8221;03 703 23 70&#8243; font_container=&#8221;tag:h6|text_align:left&#8221; use_theme_fonts=&#8221;yes&#8221; css=&#8221;.vc_custom_1612858689433{margin-bottom: 0px !important;padding-left: 30px !important;}&#8221;][\/vc_column][vc_column width=&#8221;1\/4&#8243; offset=&#8221;vc_col-lg-3&#8243;][vc_single_image image=&#8221;156&#8243; img_size=&#8221;full&#8221;][vc_custom_heading text=&#8221;OE Vrtec Vransko&#8221; font_container=&#8221;tag:h5|text_align:left&#8221; use_theme_fonts=&#8221;yes&#8221; link=&#8221;url:http%3A%2F%2Fschooltime.aislinthemes.com%2Fschool-info%2Four-staff%2F||&#8221;][vc_custom_heading text=&#8221;Vransko 24, 3305 Vransko&#8221; font_container=&#8221;tag:h5|text_align:left&#8221; use_theme_fonts=&#8221;yes&#8221;][vc_column_text]<strong><em>Pomo\u010dnica ravnateljice:&nbsp;<br \/>\n<\/em><\/strong><em>Mojca <\/em><strong><em>BRGLEZ<\/em><\/strong>[\/vc_column_text]\n\t\t\t\t\t<div class=\"wh-theme-icon  scp_theme_icon-ccd1ec737b0c255b5b7c70ff0c7cc2a6\">\n\t\t\t\t<i class=\"icon-phone-call\"><\/i>\n\t\t\t<\/div>\n\t\t\t\t[vc_custom_heading text=&#8221;03 703 23 92&#8243; font_container=&#8221;tag:h6|text_align:left&#8221; use_theme_fonts=&#8221;yes&#8221; css=&#8221;.vc_custom_1612858701401{margin-bottom: 0px !important;padding-left: 30px !important;}&#8221;][\/vc_column][vc_column width=&#8221;1\/4&#8243; offset=&#8221;vc_col-lg-3&#8243; css=&#8221;.vc_custom_1459850220000{margin-bottom: 0px !important;}&#8221;][vc_single_image image=&#8221;199&#8243; img_size=&#8221;full&#8221;][vc_custom_heading text=&#8221;OE Vrtec Tabor&#8221; font_container=&#8221;tag:h5|text_align:left&#8221; use_theme_fonts=&#8221;yes&#8221; link=&#8221;url:http%3A%2F%2Fschooltime.aislinthemes.com%2Fschool-info%2Four-staff%2F||&#8221;][vc_custom_heading text=&#8221;Tabor 21, 3304 Tabor&#8221; font_container=&#8221;tag:h5|text_align:left&#8221; use_theme_fonts=&#8221;yes&#8221;][vc_column_text]<em><strong>Organizacijska vodja enote v Taboru:<br \/>\n<\/strong>Anu\u0161ka <strong>KRI\u017dNIK<\/strong><\/em>[\/vc_column_text]\n\t\t\t\t\t<div class=\"wh-theme-icon  scp_theme_icon-ccd1ec737b0c255b5b7c70ff0c7cc2a6\">\n\t\t\t\t<i class=\"icon-phone-call\"><\/i>\n\t\t\t<\/div>\n\t\t\t\t[vc_custom_heading text=&#8221;03 703 21 83&#8243; font_container=&#8221;tag:h6|text_align:left&#8221; use_theme_fonts=&#8221;yes&#8221; css=&#8221;.vc_custom_1612858713862{margin-bottom: 0px !important;padding-left: 30px !important;}&#8221;][\/vc_column][\/vc_row][vc_row gap=&#8221;35&#8243; css=&#8221;.vc_custom_1612859087708{margin-top: 1px !important;margin-right: 1px !important;margin-left: 1px !important;border-top-width: 1px !important;border-right-width: 1px !important;border-bottom-width: 1px !important;border-left-width: 1px !important;padding-top: 27px !important;padding-bottom: 25px !important;border-left-color: #dddddd !important;border-right-color: #dddddd !important;border-top-color: #dddddd !important;border-bottom-color: #dddddd !important;}&#8221;][vc_column width=&#8221;1\/4&#8243; css=&#8221;.vc_custom_1612859561937{margin-bottom: 0px !important;border-top-width: 1px !important;border-right-width: 1px !important;border-bottom-width: 1px !important;border-left-width: 1px !important;padding-top: 27px !important;padding-bottom: 27px !important;border-left-color: #dddddd !important;border-left-style: solid !important;border-right-color: #dddddd !important;border-right-style: solid !important;border-top-color: #dddddd !important;border-top-style: solid !important;border-bottom-color: #dddddd !important;border-bottom-style: solid !important;}&#8221; el_class=&#8221;wh-box-shadow&#8221;]\n\t\t\t\t\t<div class=\"wh-theme-icon vc_custom_1612820451970  scp_theme_icon-7cd17555a76f440b7ced14b9a3674199\">\n\t\t\t\t<i class=\"icon-little-home\"><\/i>\n\t\t\t<\/div>\n\t\t\t\t[vc_custom_heading text=&#8221;Tajni\u0161tvo:&#8221; font_container=&#8221;tag:h5|text_align:left&#8221; use_theme_fonts=&#8221;yes&#8221; css=&#8221;.vc_custom_1612820500401{margin-bottom: 2px !important;padding-left: 60px !important;}&#8221; link=&#8221;url:%23||&#8221;][vc_custom_heading text=&#8221;Polona JEVNI\u0160EK&#8221; font_container=&#8221;tag:p|font_size:14px|text_align:center|line_height:23px&#8221; use_theme_fonts=&#8221;yes&#8221; css=&#8221;.vc_custom_1612853322941{margin-bottom: 0px !important;padding-right: 20px !important;padding-left: 60px !important;}&#8221;][vc_custom_heading text=&#8221;03 703 23 70&#8243; font_container=&#8221;tag:h6|text_align:center&#8221; use_theme_fonts=&#8221;yes&#8221; css=&#8221;.vc_custom_1612858629025{margin-bottom: 0px !important;padding-left: 30px !important;}&#8221;][\/vc_column][vc_column width=&#8221;1\/4&#8243; css=&#8221;.vc_custom_1459850133047{margin-bottom: 0px !important;border-top-width: 1px !important;border-right-width: 1px !important;border-bottom-width: 1px !important;border-left-width: 1px !important;padding-top: 27px !important;padding-bottom: 27px !important;border-left-color: #dddddd !important;border-left-style: solid !important;border-right-color: #dddddd !important;border-right-style: solid !important;border-top-color: #dddddd !important;border-top-style: solid !important;border-bottom-color: #dddddd !important;border-bottom-style: solid !important;}&#8221; el_class=&#8221;wh-box-shadow&#8221;]\n\t\t\t\t\t<div class=\"wh-theme-icon vc_custom_1612854586231  scp_theme_icon-7b9b6dafeb7ed67af5dcd085630c8464\">\n\t\t\t\t<i class=\"icon-calendar-clock\"><\/i>\n\t\t\t<\/div>\n\t\t\t\t[vc_custom_heading text=&#8221;Ra\u010dunovodstvo:&#8221; font_container=&#8221;tag:h5|text_align:left&#8221; use_theme_fonts=&#8221;yes&#8221; css=&#8221;.vc_custom_1612854359243{margin-bottom: 2px !important;padding-left: 60px !important;}&#8221; link=&#8221;url:%23||&#8221;][vc_custom_heading text=&#8221;Martina KRI\u017dNIK&#8221; font_container=&#8221;tag:p|font_size:14px|text_align:center|line_height:23px&#8221; use_theme_fonts=&#8221;yes&#8221; css=&#8221;.vc_custom_1612854717713{margin-bottom: 0px !important;padding-right: 20px !important;padding-left: 60px !important;}&#8221;][vc_custom_heading text=&#8221;03 703 23 79&#8243; font_container=&#8221;tag:h6|text_align:center&#8221; use_theme_fonts=&#8221;yes&#8221; css=&#8221;.vc_custom_1612858644034{margin-bottom: 0px !important;padding-left: 30px !important;}&#8221;][\/vc_column][vc_column width=&#8221;1\/4&#8243; css=&#8221;.vc_custom_1612859519730{border-top-width: 1px !important;border-right-width: 1px !important;border-bottom-width: 1px !important;border-left-width: 1px !important;padding-top: 27px !important;padding-bottom: 25px !important;border-left-color: #dddddd !important;border-left-style: solid !important;border-right-color: #dddddd !important;border-right-style: solid !important;border-top-color: #dddddd !important;border-top-style: solid !important;border-bottom-color: #dddddd !important;border-bottom-style: solid !important;}&#8221; el_class=&#8221;wh-box-shadow&#8221;]\n\t\t\t\t\t<div class=\"wh-theme-icon vc_custom_1612855734195  scp_theme_icon-5aef997a6c6d61ade7e1fcd9528157f8\">\n\t\t\t\t<i class=\"icon-big-book-with-bookmark\"><\/i>\n\t\t\t<\/div>\n\t\t\t\t[vc_custom_heading text=&#8221;Svetovalna delavka<br \/>\nza obe enoti&#8221; font_container=&#8221;tag:h5|text_align:left&#8221; use_theme_fonts=&#8221;yes&#8221; css=&#8221;.vc_custom_1612855208405{margin-bottom: 2px !important;padding-left: 60px !important;}&#8221; link=&#8221;url:%23||&#8221;][vc_custom_heading text=&#8221;Anita ZUPANC&#8221; font_container=&#8221;tag:p|font_size:14px|text_align:center|line_height:23px&#8221; use_theme_fonts=&#8221;yes&#8221; css=&#8221;.vc_custom_1612855549581{margin-bottom: 0px !important;padding-right: 20px !important;padding-left: 60px !important;}&#8221;][vc_custom_heading text=&#8221;03 703 23 91&#8243; font_container=&#8221;tag:h6|text_align:center&#8221; use_theme_fonts=&#8221;yes&#8221; css=&#8221;.vc_custom_1649995168448{margin-bottom: 0px !important;padding-left: 30px !important;}&#8221;][\/vc_column][vc_column width=&#8221;1\/4&#8243; css=&#8221;.vc_custom_1612859670804{margin-bottom: 0px !important;border-top-width: 1px !important;border-right-width: 1px !important;border-bottom-width: 1px !important;border-left-width: 1px !important;padding-top: 27px !important;padding-bottom: 27px !important;border-left-color: #dddddd !important;border-left-style: solid !important;border-right-color: #dddddd !important;border-right-style: solid !important;border-top-color: #dddddd !important;border-top-style: solid !important;border-bottom-color: #dddddd !important;border-bottom-style: solid !important;}&#8221;]\n\t\t\t\t\t<div class=\"wh-theme-icon vc_custom_1612855948560  scp_theme_icon-6675eeef99074cbd1356985724f0873f\">\n\t\t\t\t<i class=\"icon-apple-with-leaf\"><\/i>\n\t\t\t<\/div>\n\t\t\t\t[vc_custom_heading text=&#8221;Organizatorka prehrane:&#8221; font_container=&#8221;tag:h5|text_align:left&#8221; use_theme_fonts=&#8221;yes&#8221; css=&#8221;.vc_custom_1612855702410{margin-bottom: 2px !important;padding-left: 60px !important;}&#8221; link=&#8221;url:%23||&#8221;][vc_custom_heading text=&#8221;Jo\u017eica PE\u010cOVNIK&#8221; font_container=&#8221;tag:p|font_size:14px|text_align:center|line_height:23px&#8221; use_theme_fonts=&#8221;yes&#8221; css=&#8221;.vc_custom_1612855979437{margin-bottom: 0px !important;padding-right: 20px !important;padding-left: 60px !important;}&#8221;][vc_custom_heading text=&#8221;03 703 23 71&#8243; font_container=&#8221;tag:h6|text_align:center&#8221; use_theme_fonts=&#8221;yes&#8221; css=&#8221;.vc_custom_1612858672029{margin-bottom: 0px !important;padding-left: 30px !important;}&#8221;][\/vc_column][\/vc_row][vc_row][vc_column][vc_custom_heading text=&#8221;Obvestila:&#8221; font_container=&#8221;tag:h2|text_align:center&#8221;][\/vc_column][\/vc_row][vc_row][vc_column]\t\t<div class=\"linp-post-list  layout_1\">\n\t\t\t\t\t\t\t<div class=\"vc_row\">\n\t\t\t\t\t\t\t\t\t\t\t\t\t\t\t\t\t\t<div class=\"wh-padding item one fifth\">\n\t\t\t\t\t\t\t\t<div class=\"img-container\">\n\t\t\t<div class=\"date\">\n\t\t\t\t\t\t\t\t\t20 aprila, 2026\t\t\t\t\t\t\t<\/div>\n\t\t\t<a href=\"https:\/\/www.os-vransko.si\/vrtec-vransko\/rinko-festival-na-feri-vabilo-na-ustvarjalni-dogodek\/\"\n\t\t\t   title=\"RINKO festival na UM FERI \u2013 vabilo na ustvarjalni dogodek\"><img loading=\"lazy\" decoding=\"async\" width=\"150\" height=\"150\" src=\"https:\/\/www.os-vransko.si\/vrtec-vransko\/wp-content\/uploads\/sites\/3\/2026\/04\/naslovna-9-150x150.jpg\" class=\"post-list-thumb wp-post-image\" alt=\"\" \/><\/a>\n\t\t<\/div>\n\t\t<div class=\"data\">\n\t\t<h3>\n\t\t\t<a title=\"RINKO festival na UM FERI \u2013 vabilo na ustvarjalni dogodek\"\n\t\t\t   href=\"https:\/\/www.os-vransko.si\/vrtec-vransko\/rinko-festival-na-feri-vabilo-na-ustvarjalni-dogodek\/\">\n\t\t\t\tRINKO festival na UM FERI \u2013 vabilo na ustvarjalni dogodek\t\t\t<\/a>\n\t\t<\/h3>\n\n\t\t<div class=\"meta-data\">\n\t\t\t\t\t\t<span class=\"author\">\n                 <i class=\"icon-User2\"><\/i> by <a\n\t\t\t\t\thref=\"https:\/\/www.os-vransko.si\/vrtec-vransko\/author\/osvransko\/\">\n\t\t\t\t\tosvransko\t\t\t\t<\/a>\n            <\/span>\n\t\t<\/div>\n\t\t<div class=\"content\">\n\t\t\t\t\t\t<p>[vc_row][vc_column width=\"1\/2\"][vc_column_text]V soboto, 16. maja 2026, bo na Fakulteta za elektrotehniko, ra\u010dunalni\u0161tvo in informatiko (UM FERI) potekal RINKO festival \u2013 zaklju\u010dni dogodek projekta, ki v vrtce uvaja temeljna znanja ra\u010dunalni\u0161tva&hellip;<\/p>\n\t\t<\/div>\n\t\t\t\t\t<a class=\"read-more\" href=\"https:\/\/www.os-vransko.si\/vrtec-vransko\/rinko-festival-na-feri-vabilo-na-ustvarjalni-dogodek\/\">Preberi ve\u010d<\/a>\n\t\t\t<\/div>\n<\/div>\t\t\t\t\t\t\n\t\t\t\t\t\t\t\t\t\t\t\t\t\t\t\t\t\t<div class=\"wh-padding item one fifth\">\n\t\t\t\t\t\t\t\t<div class=\"img-container\">\n\t\t\t<div class=\"date\">\n\t\t\t\t\t\t\t\t\t18 februarja, 2026\t\t\t\t\t\t\t<\/div>\n\t\t\t<a href=\"https:\/\/www.os-vransko.si\/vrtec-vransko\/povabilo-k-vpisu-v-vrtec-tabor-za-solsko-leto-2026-2027\/\"\n\t\t\t   title=\"Vpis v Vrtec Tabor za \u0161olsko leto 2026\/2027\"><img loading=\"lazy\" decoding=\"async\" width=\"150\" height=\"150\" src=\"https:\/\/www.os-vransko.si\/vrtec-vransko\/wp-content\/uploads\/sites\/3\/2026\/02\/naslovna_2-150x150.jpg\" class=\"post-list-thumb wp-post-image\" alt=\"\" \/><\/a>\n\t\t<\/div>\n\t\t<div class=\"data\">\n\t\t<h3>\n\t\t\t<a title=\"Vpis v Vrtec Tabor za \u0161olsko leto 2026\/2027\"\n\t\t\t   href=\"https:\/\/www.os-vransko.si\/vrtec-vransko\/povabilo-k-vpisu-v-vrtec-tabor-za-solsko-leto-2026-2027\/\">\n\t\t\t\tVpis v Vrtec Tabor za \u0161olsko leto 2026\/2027\t\t\t<\/a>\n\t\t<\/h3>\n\n\t\t<div class=\"meta-data\">\n\t\t\t\t\t\t<span class=\"author\">\n                 <i class=\"icon-User2\"><\/i> by <a\n\t\t\t\t\thref=\"https:\/\/www.os-vransko.si\/vrtec-vransko\/author\/osvransko\/\">\n\t\t\t\t\tosvransko\t\t\t\t<\/a>\n            <\/span>\n\t\t<\/div>\n\t\t<div class=\"content\">\n\t\t\t\t\t\t<p>[vc_row][vc_column][vc_column_text]Vabimo vas k vpisu otrok v programe Vrtca Tabor za \u0161olsko leto 2026\/2027. Vpis novincev bo potekal od 16. do 20. marca 2026. Od 16. do 19. marca bo vpis&hellip;<\/p>\n\t\t<\/div>\n\t\t\t\t\t<a class=\"read-more\" href=\"https:\/\/www.os-vransko.si\/vrtec-vransko\/povabilo-k-vpisu-v-vrtec-tabor-za-solsko-leto-2026-2027\/\">Preberi ve\u010d<\/a>\n\t\t\t<\/div>\n<\/div>\t\t\t\t\t\t\n\t\t\t\t\t\t\t\t\t\t\t\t\t\t\t\t\t\t<div class=\"wh-padding item one fifth\">\n\t\t\t\t\t\t\t\t<div class=\"img-container\">\n\t\t\t<div class=\"date\">\n\t\t\t\t\t\t\t\t\t18 februarja, 2026\t\t\t\t\t\t\t<\/div>\n\t\t\t<a href=\"https:\/\/www.os-vransko.si\/vrtec-vransko\/2311-2\/\"\n\t\t\t   title=\"Vpis v Vrtec Vransko za \u0161olsko leto 2026\/2027\"><img loading=\"lazy\" decoding=\"async\" width=\"150\" height=\"150\" src=\"https:\/\/www.os-vransko.si\/vrtec-vransko\/wp-content\/uploads\/sites\/3\/2026\/02\/naslovna_1-150x150.jpg\" class=\"post-list-thumb wp-post-image\" alt=\"\" \/><\/a>\n\t\t<\/div>\n\t\t<div class=\"data\">\n\t\t<h3>\n\t\t\t<a title=\"Vpis v Vrtec Vransko za \u0161olsko leto 2026\/2027\"\n\t\t\t   href=\"https:\/\/www.os-vransko.si\/vrtec-vransko\/2311-2\/\">\n\t\t\t\tVpis v Vrtec Vransko za \u0161olsko leto 2026\/2027\t\t\t<\/a>\n\t\t<\/h3>\n\n\t\t<div class=\"meta-data\">\n\t\t\t\t\t\t<span class=\"author\">\n                 <i class=\"icon-User2\"><\/i> by <a\n\t\t\t\t\thref=\"https:\/\/www.os-vransko.si\/vrtec-vransko\/author\/osvransko\/\">\n\t\t\t\t\tosvransko\t\t\t\t<\/a>\n            <\/span>\n\t\t<\/div>\n\t\t<div class=\"content\">\n\t\t\t\t\t\t<p>[vc_row][vc_column][vc_column_text] Vabimo vas k vpisu otrok v programe Vrtca Vransko za \u0161olsko leto 2026\/2027. Vpis novincev bo potekal od 16. do 20. marca 2026, eviden\u010dni vpis za \u017ee vklju\u010dene otroke&hellip;<\/p>\n\t\t<\/div>\n\t\t\t\t\t<a class=\"read-more\" href=\"https:\/\/www.os-vransko.si\/vrtec-vransko\/2311-2\/\">Preberi ve\u010d<\/a>\n\t\t\t<\/div>\n<\/div>\t\t\t\t\t\t\n\t\t\t\t\t\t\t\t\t\t\t\t\t\t\t\t\t\t<div class=\"wh-padding item one fifth\">\n\t\t\t\t\t\t\t\t<div class=\"img-container\">\n\t\t\t<div class=\"date\">\n\t\t\t\t\t\t\t\t\t15 decembra, 2025\t\t\t\t\t\t\t<\/div>\n\t\t\t<a href=\"https:\/\/www.os-vransko.si\/vrtec-vransko\/naj-bo-leto-2026-srecno\/\"\n\t\t\t   title=\"Naj bo leto 2026 SR(E)\u010cNO!\"><img loading=\"lazy\" decoding=\"async\" width=\"150\" height=\"150\" src=\"https:\/\/www.os-vransko.si\/vrtec-vransko\/wp-content\/uploads\/sites\/3\/2025\/12\/naslovna-2-150x150.jpg\" class=\"post-list-thumb wp-post-image\" alt=\"\" \/><\/a>\n\t\t<\/div>\n\t\t<div class=\"data\">\n\t\t<h3>\n\t\t\t<a title=\"Naj bo leto 2026 SR(E)\u010cNO!\"\n\t\t\t   href=\"https:\/\/www.os-vransko.si\/vrtec-vransko\/naj-bo-leto-2026-srecno\/\">\n\t\t\t\tNaj bo leto 2026 SR(E)\u010cNO!\t\t\t<\/a>\n\t\t<\/h3>\n\n\t\t<div class=\"meta-data\">\n\t\t\t\t\t\t<span class=\"author\">\n                 <i class=\"icon-User2\"><\/i> by <a\n\t\t\t\t\thref=\"https:\/\/www.os-vransko.si\/vrtec-vransko\/author\/osvransko\/\">\n\t\t\t\t\tosvransko\t\t\t\t<\/a>\n            <\/span>\n\t\t<\/div>\n\t\t<div class=\"content\">\n\t\t\t\t\t\t<p>[vc_row][vc_column width=\"1\/2\"][vc_separator color=\"white\"][vc_column_text]Naj novo leto prinese veliko zdravja, toplih trenutkov, nasmehov in drobnih uspehov, ki skupaj ustvarjajo velike zgodbe. Naj bo polno radovednosti, ustvarjalnosti, sodelovanja in veselja \u2013 v vrtcu,&hellip;<\/p>\n\t\t<\/div>\n\t\t\t\t\t<a class=\"read-more\" href=\"https:\/\/www.os-vransko.si\/vrtec-vransko\/naj-bo-leto-2026-srecno\/\">Preberi ve\u010d<\/a>\n\t\t\t<\/div>\n<\/div>\t\t\t\t\t\t\n\t\t\t\t\t\t\t\t\t\t\t\t\t\t\t\t\t\t<div class=\"wh-padding item one fifth\">\n\t\t\t\t\t\t\t\t<div class=\"img-container\">\n\t\t\t<div class=\"date\">\n\t\t\t\t\t\t\t\t\t30 julija, 2025\t\t\t\t\t\t\t<\/div>\n\t\t\t<a href=\"https:\/\/www.os-vransko.si\/vrtec-vransko\/1985-2\/\"\n\t\t\t   title=\"Najem prostorov in opreme\"><img loading=\"lazy\" decoding=\"async\" width=\"150\" height=\"150\" src=\"https:\/\/www.os-vransko.si\/vrtec-vransko\/wp-content\/uploads\/sites\/3\/2025\/07\/naslovna2-1-150x150.jpg\" class=\"post-list-thumb wp-post-image\" alt=\"\" \/><\/a>\n\t\t<\/div>\n\t\t<div class=\"data\">\n\t\t<h3>\n\t\t\t<a title=\"Najem prostorov in opreme\"\n\t\t\t   href=\"https:\/\/www.os-vransko.si\/vrtec-vransko\/1985-2\/\">\n\t\t\t\tNajem prostorov in opreme\t\t\t<\/a>\n\t\t<\/h3>\n\n\t\t<div class=\"meta-data\">\n\t\t\t\t\t\t<span class=\"author\">\n                 <i class=\"icon-User2\"><\/i> by <a\n\t\t\t\t\thref=\"https:\/\/www.os-vransko.si\/vrtec-vransko\/author\/osvransko\/\">\n\t\t\t\t\tosvransko\t\t\t\t<\/a>\n            <\/span>\n\t\t<\/div>\n\t\t<div class=\"content\">\n\t\t\t\t\t\t<p>[vc_row][vc_column][vc_column_text]Osnovna \u0161ola in Vrtec Vransko omogo\u010data najem prostorov in opreme v svojih prostorih. Na voljo so: u\u010dilnice (tudi ra\u010dunalni\u0161ka u\u010dilnica z IKT opremo), ve\u010dnamenski prostori in igralnice, zunanje igri\u0161\u010de, projekcijska&hellip;<\/p>\n\t\t<\/div>\n\t\t\t\t\t<a class=\"read-more\" href=\"https:\/\/www.os-vransko.si\/vrtec-vransko\/1985-2\/\">Preberi ve\u010d<\/a>\n\t\t\t<\/div>\n<\/div>\t\t\t\t\t\t\n\t\t\t\t\t\t\t\t\t<\/div>\n\t\t\t\t\t\t\t\t<\/div>\n\t\t[\/vc_column][\/vc_row][vc_row][vc_column][vc_separator el_width=&#8221;10&#8243; css=&#8221;.vc_custom_1612736390424{margin-top: 31px !important;}&#8221;][\/vc_column][\/vc_row][vc_row][vc_column width=&#8221;1\/4&#8243; css=&#8221;.vc_custom_1459851078142{margin-bottom: 66px !important;}&#8221;][vc_custom_heading text=&#8221;Prednostno podro\u010dje:&#8221; font_container=&#8221;tag:h5|text_align:left&#8221; use_theme_fonts=&#8221;yes&#8221;][vc_column_text]1. UMETNOST: Otrok skozi umetni\u0161ke dejavnosti razvija ustvarjalnost, estetski \u010dut, domi\u0161ljijo in ob\u010dutek za ritem in usklajenost v spodbudnem in varnem okolju.<br \/>\n2. Spodbujati razvoj vedo\u017eeljnih, samostojnih in socialno-\u010dustveno kompetentnih otrok, ki sodojemljivi za&nbsp; spremembe, razumejo osnovne pravice in dol\u017enosti ter se u\u010dijo digitalnega dr\u017eavljanstva, hkrati pa krepiti strokovne delavce v uporabi sodobnih pristopov in metod vzgoje za aktivno delovanje v svetu.[\/vc_column_text][\/vc_column][vc_column width=&#8221;1\/2&#8243;][vc_custom_heading text=&#8221;Okvirni dnevni red za 6- do 9-urni program&#8221; font_container=&#8221;tag:h5|text_align:left&#8221; use_theme_fonts=&#8221;yes&#8221; css=&#8221;.vc_custom_1612996206710{padding-left: 60px !important;}&#8221; link=&#8221;url:%23||&#8221;][vc_column_text]<\/p>\n<ul>\n<li>Prihod v vrtec, zbiranje, zdru\u017eevanje otrok;&nbsp;po\u010ditek za otroke, ki to potrebujejo in \u017eelijo.<\/li>\n<li>Gibalne minute za zdravje.<\/li>\n<li>Priprava na zajtrk, zajtrkovanje, pospravljanje, skrb za osebno higieno.<\/li>\n<li>Organizirane, razvojno na\u010drtovane dejavnosti z vseh vzgojnih podro\u010dij otrokovega razvoja v vrtcu ali izven njega.<\/li>\n<li>Bivanje na prostem v poletnem \u010dasu oz. v \u010dasu vi\u0161jih temperatur zgodaj zjutraj, pozimi kasneje.<\/li>\n<li>Priprava na kosilo, kosilo.<\/li>\n<li>Po\u010ditek, umirjene dejavnosti.<\/li>\n<li>Vstajanje, malicanje, razne dejavnosti do odhoda domov.<\/li>\n<\/ul>\n<p>[\/vc_column_text][vc_custom_heading text=&#8221;4- do 6-urni program&#8221; font_container=&#8221;tag:h5|text_align:left&#8221; use_theme_fonts=&#8221;yes&#8221; css=&#8221;.vc_custom_1612996554734{padding-left: 69px !important;}&#8221; link=&#8221;url:%23||&#8221;][vc_column_text]Program se izvaja samo ob zadostnem \u0161tevilu prijav.[\/vc_column_text][\/vc_column][vc_column width=&#8221;1\/4&#8243;][vc_custom_heading text=&#8221;Poslovalni \u010das:&#8221; font_container=&#8221;tag:h5|text_align:left&#8221; use_theme_fonts=&#8221;yes&#8221;][vc_column_text]<strong>Vrtec Vransko: <\/strong>5.30\u201316.30<\/p>\n<p><strong> Vrtec Tabor: <\/strong>6.00\u201316.30[\/vc_column_text][vc_wp_calendar][\/vc_column][\/vc_row]<\/p>\n","protected":false},"excerpt":{"rendered":"<p>[vc_row][vc_column][vc_separator el_width=&#8221;10&#8243; css=&#8221;.vc_custom_1612736390424{margin-top: 31px !important;}&#8221;][\/vc_column][\/vc_row][vc_row css=&#8221;.vc_custom_1456483761984{margin-bottom: 40px !important;}&#8221;][vc_column width=&#8221;1\/4&#8243; css=&#8221;.vc_custom_1459175242035{border-top-width: 1px !important;border-right-width: 1px !important;border-bottom-width: 1px !important;border-left-width: 1px !important;padding-top: 30px !important;padding-right: 33px !important;padding-bottom: 19px !important;padding-left: 33px !important;border-left-color: #cccccc !important;border-left-style: solid !important;border-right-color: #cccccc !important;border-right-style: solid !important;border-top-color: #cccccc !important;border-top-style: solid !important;border-bottom-color: #cccccc !important;border-bottom-style: solid !important;}&#8221; el_class=&#8221;wh-box-big wh-box-shadow&#8221; offset=&#8221;vc_col-lg-3&#8243;][vc_custom_heading text=&#8221;VSAK DAN STREMIMO K SPO\u0160TLJIVIM&nbsp;<a href=\"https:\/\/www.os-vransko.si\/vrtec-vransko\/\">&hellip;<\/a><\/p>\n","protected":false},"author":1,"featured_media":0,"parent":0,"menu_order":0,"comment_status":"closed","ping_status":"closed","template":"template-home.php","meta":{"ngg_post_thumbnail":0,"_mc_calendar":[],"footnotes":""},"class_list":["post-76","page","type-page","status-publish","hentry","odd"],"_links":{"self":[{"href":"https:\/\/www.os-vransko.si\/vrtec-vransko\/wp-json\/wp\/v2\/pages\/76","targetHints":{"allow":["GET"]}}],"collection":[{"href":"https:\/\/www.os-vransko.si\/vrtec-vransko\/wp-json\/wp\/v2\/pages"}],"about":[{"href":"https:\/\/www.os-vransko.si\/vrtec-vransko\/wp-json\/wp\/v2\/types\/page"}],"author":[{"embeddable":true,"href":"https:\/\/www.os-vransko.si\/vrtec-vransko\/wp-json\/wp\/v2\/users\/1"}],"replies":[{"embeddable":true,"href":"https:\/\/www.os-vransko.si\/vrtec-vransko\/wp-json\/wp\/v2\/comments?post=76"}],"version-history":[{"count":63,"href":"https:\/\/www.os-vransko.si\/vrtec-vransko\/wp-json\/wp\/v2\/pages\/76\/revisions"}],"predecessor-version":[{"id":2328,"href":"https:\/\/www.os-vransko.si\/vrtec-vransko\/wp-json\/wp\/v2\/pages\/76\/revisions\/2328"}],"wp:attachment":[{"href":"https:\/\/www.os-vransko.si\/vrtec-vransko\/wp-json\/wp\/v2\/media?parent=76"}],"curies":[{"name":"wp","href":"https:\/\/api.w.org\/{rel}","templated":true}]}}